{"id":74,"date":"2021-03-18T11:11:33","date_gmt":"2021-03-18T10:11:33","guid":{"rendered":"http:\/\/www.comune.asola.mn.it\/archivio\/?page_id=74"},"modified":"2021-04-27T11:45:32","modified_gmt":"2021-04-27T09:45:32","slug":"orari-e-contatti","status":"publish","type":"page","link":"https:\/\/www.comune.asola.mn.it\/archivio\/orari-e-contatti\/","title":{"rendered":"Orari e contatti"},"content":{"rendered":"\n<h3 class=\"wp-block-heading\"><span style=\"color: var(--theme-palette-color-1, #FB7258);\" class=\"ugb-highlight\">Orari e apertura al pubblico<\/span><\/h3>\n\n\n\n<h1 class=\"wp-block-heading\"><span style=\"color: var(--theme-palette-color-2, #F74D67);\" class=\"ugb-highlight\">ARCHIVIO GENERALE<\/span><\/h1>\n\n\n\n<p><strong>Da luned\u00ec a venerd\u00ec, <\/strong>dalle 8.30 alle 13.00<\/p>\n\n\n\n<p><strong>Luned\u00ec e mercoled\u00ec pomeriggio<\/strong>, dalle 14.30 alle 18.00<\/p>\n\n\n\n<div class=\"wp-block-ugb-separator alignfull ugb-separator ugb-356d2bf ugb-separator--v2 ugb-separator--design-slant-1\" aria-hidden=\"true\"><style>.ugb-356d2bf.ugb-separator{margin-top:-1px !important;margin-bottom:-1px !important}.ugb-356d2bf .ugb-separator__bottom-pad{background:var(--theme-palette-color-2,#F74D67)}.ugb-356d2bf .ugb-separator__shadow,.ugb-356d2bf .ugb-separator__layer-1{fill:var(--theme-palette-color-2,#F74D67);transform:scaleX(1) scaleX(-1)}@media screen and (min-width:768px){.ugb-356d2bf .ugb-separator__svg-wrapper{height:200px !important}}@media screen and (max-width:1025px){.ugb-356d2bf.ugb-separator{margin-top:-1px !important;margin-bottom:-1px !important}}@media screen and (max-width:768px){.ugb-356d2bf.ugb-separator{margin-top:-1px !important;margin-bottom:-1px !important}}<\/style><div class=\"ugb-inner-block\"><div class=\"ugb-block-content\"><div class=\"ugb-separator__top-pad\"><\/div><div class=\"ugb-separator__svg-wrapper\"><div class=\"ugb-separator__svg-inner ugb-separator-wrapper\"><svg viewbox=\"0 0 1600 200\" filter=\"url(#slant-1-shadow_svg__a)\" enablebackground=\"new 0 0 1600 200\" xmlns=\"http:\/\/www.w3.org\/2000\/svg\" class=\"ugb-separator__shadow\" preserveaspectratio=\"none\" aria-hidden=\"true\"><filter id=\"slant-1-shadow_svg__a\"><feGaussianBlur in=\"SourceAlpha\" stddeviation=\"4\"><\/feGaussianBlur><feComponentTransfer><feFuncA type=\"linear\" slope=\"0.4\"><\/feFuncA><\/feComponentTransfer><feMerge><feMergeNode><\/feMergeNode><feMergeNode in=\"SourceGraphic\"><\/feMergeNode><\/feMerge><\/filter><path class=\"slant-1-shadow_svg__st2\" d=\"M-10 183.9v10L1610 10.5V.5z\"><\/path><\/svg><svg viewbox=\"0 0 1600 200\" xmlns=\"http:\/\/www.w3.org\/2000\/svg\" class=\"ugb-separator__layer-1\" preserveaspectratio=\"none\" aria-hidden=\"true\"><path class=\"slant-1_svg__st2\" d=\"M-10 210h1620V.5L-10 183.9z\"><\/path><\/svg><\/div><\/div><div class=\"ugb-separator__bottom-pad\"><\/div><\/div><\/div><\/div>\n\n\n\n<figure class=\"wp-block-image size-large is-resized\"><img loading=\"lazy\" decoding=\"async\" src=\"https:\/\/www.comune.asola.mn.it\/archivio\/wp-content\/uploads\/2021\/03\/LOGO-Archivio-1024x594.png\" alt=\"\" class=\"wp-image-110\" width=\"256\" height=\"149\" srcset=\"https:\/\/www.comune.asola.mn.it\/archivio\/wp-content\/uploads\/2021\/03\/LOGO-Archivio-1024x594.png 1024w, https:\/\/www.comune.asola.mn.it\/archivio\/wp-content\/uploads\/2021\/03\/LOGO-Archivio-300x174.png 300w, https:\/\/www.comune.asola.mn.it\/archivio\/wp-content\/uploads\/2021\/03\/LOGO-Archivio-768x445.png 768w, https:\/\/www.comune.asola.mn.it\/archivio\/wp-content\/uploads\/2021\/03\/LOGO-Archivio-1536x891.png 1536w, https:\/\/www.comune.asola.mn.it\/archivio\/wp-content\/uploads\/2021\/03\/LOGO-Archivio.png 1916w\" sizes=\"auto, (max-width: 256px) 100vw, 256px\" \/><\/figure>\n\n\n\n<h1 class=\"wp-block-heading\"><span style=\"color: var(--theme-palette-color-2, #F74D67);\" class=\"ugb-highlight\">ARCHIVIO STORICO COMUNALE<\/span><\/h1>\n\n\n\n<p><strong>Da luned\u00ec a venerd\u00ec, <\/strong>dalle 8.30 alle 13.00<\/p>\n\n\n\n<p><strong>Luned\u00ec e mercoled\u00ec pomeriggio<\/strong>, dalle 14.30 alle 18.00<\/p>\n\n\n\n<p><em>L\u2019Archivio Storico comunale \u00e8 consultabile con orario diverso da quello ordinario SOLO su prenotazione<br><\/em><\/p>\n\n\n\n<div class=\"wp-block-ugb-separator alignfull ugb-separator ugb-38bfe6b ugb-separator--v2 ugb-separator--design-slant-1\" aria-hidden=\"true\"><style>.ugb-38bfe6b.ugb-separator{margin-top:-1px !important;margin-bottom:-1px !important}.ugb-38bfe6b .ugb-separator__bottom-pad{background:var(--theme-palette-color-2,#F74D67)}.ugb-38bfe6b .ugb-separator__shadow,.ugb-38bfe6b .ugb-separator__layer-1{fill:var(--theme-palette-color-2,#F74D67);transform:scaleX(1)}@media screen and (min-width:768px){.ugb-38bfe6b .ugb-separator__svg-wrapper{height:200px !important}}@media screen and (max-width:1025px){.ugb-38bfe6b.ugb-separator{margin-top:-1px !important;margin-bottom:-1px !important}}@media screen and (max-width:768px){.ugb-38bfe6b.ugb-separator{margin-top:-1px !important;margin-bottom:-1px !important}}<\/style><div class=\"ugb-inner-block\"><div class=\"ugb-block-content\"><div class=\"ugb-separator__top-pad\"><\/div><div class=\"ugb-separator__svg-wrapper\"><div class=\"ugb-separator__svg-inner ugb-separator-wrapper\"><svg viewbox=\"0 0 1600 200\" filter=\"url(#slant-1-shadow_svg__a)\" enablebackground=\"new 0 0 1600 200\" xmlns=\"http:\/\/www.w3.org\/2000\/svg\" class=\"ugb-separator__shadow\" preserveaspectratio=\"none\" aria-hidden=\"true\"><filter id=\"slant-1-shadow_svg__a\"><feGaussianBlur in=\"SourceAlpha\" stddeviation=\"4\"><\/feGaussianBlur><feComponentTransfer><feFuncA type=\"linear\" slope=\"0.4\"><\/feFuncA><\/feComponentTransfer><feMerge><feMergeNode><\/feMergeNode><feMergeNode in=\"SourceGraphic\"><\/feMergeNode><\/feMerge><\/filter><path class=\"slant-1-shadow_svg__st2\" d=\"M-10 183.9v10L1610 10.5V.5z\"><\/path><\/svg><svg viewbox=\"0 0 1600 200\" xmlns=\"http:\/\/www.w3.org\/2000\/svg\" class=\"ugb-separator__layer-1\" preserveaspectratio=\"none\" aria-hidden=\"true\"><path class=\"slant-1_svg__st2\" d=\"M-10 210h1620V.5L-10 183.9z\"><\/path><\/svg><\/div><\/div><div class=\"ugb-separator__bottom-pad\"><\/div><\/div><\/div><\/div>\n\n\n\n<h1 class=\"wp-block-heading\"><span style=\"color: var(--theme-palette-color-2, #F74D67);\" class=\"ugb-highlight\">RECAPITI UFFICIO E CONTATTI<\/span><\/h1>\n\n\n\n<p>L\u2019Archivio <strong>Generale<\/strong> si trova presso il Palazzo Municipale, Piazza XX Settembre 1 \u2013 Asola&nbsp;<\/p>\n\n\n\n<p>L\u2019Archivio <strong>Storico Comunale<\/strong> si trova presso Palazzo MONTE PEGNI, Via C.Battisti 2 \u2013 Asola <\/p>\n\n\n\n<p>(<em>si entra anche dal Museo \u201cG.Bellini\u201d, in Via Garibaldi 7<\/em>)<br><br><strong>Referente<\/strong> dott.ssa Ester Cauzzi<br><br><strong>Telefono:&nbsp;<\/strong>0376\/733052<br><strong>Fax:<\/strong>&nbsp;0376\/710415<br><strong>E-mail:<\/strong>&nbsp;<a href=\"archivi.asolano@comune.asola.mn.it\" data-type=\"URL\" data-id=\"archivi.asolano@comune.asola.mn.it\">archivi.asolano@comune.asola.mn.it&nbsp;<\/a><\/p>\n\n\n\n<div class=\"wp-block-ugb-separator alignfull ugb-separator ugb-dae16db ugb-separator--v2 ugb-separator--design-slant-1\" aria-hidden=\"true\"><style>.ugb-dae16db.ugb-separator{margin-top:-1px !important;margin-bottom:-1px !important}.ugb-dae16db .ugb-separator__bottom-pad{background:var(--theme-palette-color-2,#F74D67)}.ugb-dae16db .ugb-separator__shadow,.ugb-dae16db .ugb-separator__layer-1{fill:var(--theme-palette-color-2,#F74D67);transform:scaleX(1) scaleX(-1)}@media screen and (min-width:768px){.ugb-dae16db .ugb-separator__svg-wrapper{height:200px !important}}@media screen and (max-width:1025px){.ugb-dae16db.ugb-separator{margin-top:-1px !important;margin-bottom:-1px !important}}@media screen and (max-width:768px){.ugb-dae16db.ugb-separator{margin-top:-1px !important;margin-bottom:-1px !important}}<\/style><div class=\"ugb-inner-block\"><div class=\"ugb-block-content\"><div class=\"ugb-separator__top-pad\"><\/div><div class=\"ugb-separator__svg-wrapper\"><div class=\"ugb-separator__svg-inner ugb-separator-wrapper\"><svg viewbox=\"0 0 1600 200\" filter=\"url(#slant-1-shadow_svg__a)\" enablebackground=\"new 0 0 1600 200\" xmlns=\"http:\/\/www.w3.org\/2000\/svg\" class=\"ugb-separator__shadow\" preserveaspectratio=\"none\" aria-hidden=\"true\"><filter id=\"slant-1-shadow_svg__a\"><feGaussianBlur in=\"SourceAlpha\" stddeviation=\"4\"><\/feGaussianBlur><feComponentTransfer><feFuncA type=\"linear\" slope=\"0.4\"><\/feFuncA><\/feComponentTransfer><feMerge><feMergeNode><\/feMergeNode><feMergeNode in=\"SourceGraphic\"><\/feMergeNode><\/feMerge><\/filter><path class=\"slant-1-shadow_svg__st2\" d=\"M-10 183.9v10L1610 10.5V.5z\"><\/path><\/svg><svg viewbox=\"0 0 1600 200\" xmlns=\"http:\/\/www.w3.org\/2000\/svg\" class=\"ugb-separator__layer-1\" preserveaspectratio=\"none\" aria-hidden=\"true\"><path class=\"slant-1_svg__st2\" d=\"M-10 210h1620V.5L-10 183.9z\"><\/path><\/svg><\/div><\/div><div class=\"ugb-separator__bottom-pad\"><\/div><\/div><\/div><\/div>\n","protected":false},"excerpt":{"rendered":"<p>Orari e apertura al pubblico ARCHIVIO GENERALE Da luned\u00ec a venerd\u00ec, dalle 8.30 alle 13.00 Luned\u00ec e mercoled\u00ec pomeriggio, dalle 14.30 alle 18.00 ARCHIVIO STORICO COMUNALE Da luned\u00ec a venerd\u00ec, dalle 8.30 alle 13.00 Luned\u00ec e mercoled\u00ec pomeriggio, dalle 14.30 alle 18.00 L\u2019Archivio Storico comunale \u00e8 consultabile con orario diverso da quello ordinario SOLO su [&hellip;]<\/p>\n","protected":false},"author":1,"featured_media":0,"parent":0,"menu_order":0,"comment_status":"closed","ping_status":"open","template":"brizy-blank-template.php","meta":{"_gspb_post_css":"","footnotes":""},"class_list":["post-74","page","type-page","status-publish","hentry"],"blocksy_meta":{"styles_descriptor":{"styles":{"desktop":"","tablet":"","mobile":""},"google_fonts":[],"version":6}},"featured_image_urls":{"full":"","thumbnail":"","medium":"","medium_large":"","large":"","1536x1536":"","2048x2048":""},"post_excerpt_stackable":"<p>Orari e apertura al pubblico ARCHIVIO GENERALE Da luned\u00ec a venerd\u00ec, dalle 8.30 alle 13.00 Luned\u00ec e mercoled\u00ec pomeriggio, dalle 14.30 alle 18.00 ARCHIVIO STORICO COMUNALE Da luned\u00ec a venerd\u00ec, dalle 8.30 alle 13.00 Luned\u00ec e mercoled\u00ec pomeriggio, dalle 14.30 alle 18.00 L\u2019Archivio Storico comunale \u00e8 consultabile con orario diverso da quello ordinario SOLO su prenotazione RECAPITI UFFICIO E CONTATTI L\u2019Archivio Generale si trova presso il Palazzo Municipale, Piazza XX Settembre 1 \u2013 Asola&nbsp; L\u2019Archivio Storico Comunale si trova presso Palazzo MONTE PEGNI, Via C.Battisti 2 \u2013 Asola (si entra anche dal Museo \u201cG.Bellini\u201d, in Via Garibaldi 7)Referente dott.ssa Ester&hellip;<\/p>\n","category_list":"","author_info":{"name":"Simone","url":"https:\/\/www.comune.asola.mn.it\/archivio\/author\/simne\/"},"comments_num":"0 commenti","featured_image_urls_v2":{"full":"","thumbnail":"","medium":"","medium_large":"","large":"","1536x1536":"","2048x2048":""},"post_excerpt_stackable_v2":"<p>Orari e apertura al pubblico ARCHIVIO GENERALE Da luned\u00ec a venerd\u00ec, dalle 8.30 alle 13.00 Luned\u00ec e mercoled\u00ec pomeriggio, dalle 14.30 alle 18.00 ARCHIVIO STORICO COMUNALE Da luned\u00ec a venerd\u00ec, dalle 8.30 alle 13.00 Luned\u00ec e mercoled\u00ec pomeriggio, dalle 14.30 alle 18.00 L\u2019Archivio Storico comunale \u00e8 consultabile con orario diverso da quello ordinario SOLO su prenotazione RECAPITI UFFICIO E CONTATTI L\u2019Archivio Generale si trova presso il Palazzo Municipale, Piazza XX Settembre 1 \u2013 Asola&nbsp; L\u2019Archivio Storico Comunale si trova presso Palazzo MONTE PEGNI, Via C.Battisti 2 \u2013 Asola (si entra anche dal Museo \u201cG.Bellini\u201d, in Via Garibaldi 7)Referente dott.ssa Ester&hellip;<\/p>\n","category_list_v2":"","author_info_v2":{"name":"Simone","url":"https:\/\/www.comune.asola.mn.it\/archivio\/author\/simne\/"},"comments_num_v2":"0 commenti","_links":{"self":[{"href":"https:\/\/www.comune.asola.mn.it\/archivio\/wp-json\/wp\/v2\/pages\/74","targetHints":{"allow":["GET"]}}],"collection":[{"href":"https:\/\/www.comune.asola.mn.it\/archivio\/wp-json\/wp\/v2\/pages"}],"about":[{"href":"https:\/\/www.comune.asola.mn.it\/archivio\/wp-json\/wp\/v2\/types\/page"}],"author":[{"embeddable":true,"href":"https:\/\/www.comune.asola.mn.it\/archivio\/wp-json\/wp\/v2\/users\/1"}],"replies":[{"embeddable":true,"href":"https:\/\/www.comune.asola.mn.it\/archivio\/wp-json\/wp\/v2\/comments?post=74"}],"version-history":[{"count":8,"href":"https:\/\/www.comune.asola.mn.it\/archivio\/wp-json\/wp\/v2\/pages\/74\/revisions"}],"predecessor-version":[{"id":427,"href":"https:\/\/www.comune.asola.mn.it\/archivio\/wp-json\/wp\/v2\/pages\/74\/revisions\/427"}],"wp:attachment":[{"href":"https:\/\/www.comune.asola.mn.it\/archivio\/wp-json\/wp\/v2\/media?parent=74"}],"curies":[{"name":"wp","href":"https:\/\/api.w.org\/{rel}","templated":true}]}}