{"id":196,"date":"2021-03-19T15:00:59","date_gmt":"2021-03-19T14:00:59","guid":{"rendered":"http:\/\/www.comune.asola.mn.it\/archivio\/?page_id=196"},"modified":"2021-03-22T09:16:28","modified_gmt":"2021-03-22T08:16:28","slug":"patrimonio","status":"publish","type":"page","link":"https:\/\/www.comune.asola.mn.it\/archivio\/patrimonio\/","title":{"rendered":"Patrimonio"},"content":{"rendered":"\n<h1 class=\"wp-block-heading\">Patrimonio<\/h1>\n\n\n\n<figure class=\"wp-block-image size-medium\"><img loading=\"lazy\" decoding=\"async\" width=\"300\" height=\"200\" src=\"https:\/\/www.comune.asola.mn.it\/archivio\/wp-content\/uploads\/2021\/03\/stack-of-old-books-and-retro-hourglass-on-wooden-background-300x200.jpg\" alt=\"\" class=\"wp-image-191\" srcset=\"https:\/\/www.comune.asola.mn.it\/archivio\/wp-content\/uploads\/2021\/03\/stack-of-old-books-and-retro-hourglass-on-wooden-background-300x200.jpg 300w, https:\/\/www.comune.asola.mn.it\/archivio\/wp-content\/uploads\/2021\/03\/stack-of-old-books-and-retro-hourglass-on-wooden-background-1024x683.jpg 1024w, https:\/\/www.comune.asola.mn.it\/archivio\/wp-content\/uploads\/2021\/03\/stack-of-old-books-and-retro-hourglass-on-wooden-background-768x512.jpg 768w, https:\/\/www.comune.asola.mn.it\/archivio\/wp-content\/uploads\/2021\/03\/stack-of-old-books-and-retro-hourglass-on-wooden-background-1536x1024.jpg 1536w, https:\/\/www.comune.asola.mn.it\/archivio\/wp-content\/uploads\/2021\/03\/stack-of-old-books-and-retro-hourglass-on-wooden-background-2048x1365.jpg 2048w\" sizes=\"auto, (max-width: 300px) 100vw, 300px\" \/><\/figure>\n\n\n\n<h1 class=\"wp-block-heading\"><span style=\"color: var(--theme-palette-color-2, #e63f47);\" class=\"ugb-highlight\">L\u2019Archivio Storico di Asola, <strong>Memoria della Comunit\u00e0<\/strong><\/span><\/h1>\n\n\n\n<p>\u201c<em>La nobilissima del pari che antichissima Citt\u00e0-fortezza di Asola pu\u00f2 gloriarsi di avere Documenti bastevoli ad intessere con ordine, e con verit\u00e0, se non dell\u2019Epoca, che \u00e8 incerta, di sua Fondazione, da quella almeno di sua vetusta sussistenza fin qui una veridica storia<\/em>\u201d, si scriveva in un Diario del 1790<\/p>\n\n\n\n<p>In effetti, quello di Asola \u00e8 uno dei pi\u00f9 cospicui tra gli archivi storici comunali del territorio, un archivio di grande pregio sotto il profilo dell\u2019antichit\u00e0 e dell\u2019integrit\u00e0 delle serie documentarie che lo compongono.<\/p>\n\n\n\n<p>La buona sorte, ma forse anche la diligente coscienza archivistica di persone come il cancelliere asolano Lodovico Mangini (1669-1723), ha permesso che giungessero fino a noi, un \u201ctesor de chartres\u201d fatto di <strong>pergamene<\/strong>, <strong>registri <\/strong><em>d\u2019ancient regime<\/em>, <strong>privilegi<\/strong> che fondano l\u2019identit\u00e0 storica della cittadina sul Chiese e fanno riemergere, dal silenzio e dall\u2019oblio, storie di persone pi\u00f9 o meno importanti, alle prese nel passato con affari di stato o con i piccoli problemi della vita quotidiana; storie che affascinano, non solo storici e ricercatori di professione, ma fasce di pubblico sempre pi\u00f9 varie e numerose.<\/p>\n\n\n\n<p>L&#8217;Archivio Storico del Comune di Asola si compone di tre sezioni collocate nella sede di Palazzo Monte Pegni, precisamente:<\/p>\n\n\n\n<p>1. <strong>Parte Antica<\/strong> (1385-1860);<\/p>\n\n\n\n<p>2. <strong>Sez. Post-unitaria<\/strong> (1868-1910);<\/p>\n\n\n\n<p>3. <strong>Sezione Moderna<\/strong> (1898-1958);<\/p>\n\n\n\n<p>e di una quarta, collocata nell\u2019Archivio Storico Parrocchiale:&nbsp;<\/p>\n\n\n\n<p>4. <strong>Carteggio Archivio veneto<\/strong><\/p>\n\n\n\n<p>Insieme all&#8217;Archivio Storico comunale, si conservano come <strong>archivi aggregati<\/strong>, il fondo Legato Schiantarelli; dell&#8217; ex ECA; della Congregazione di Carit\u00e0; del Pio Istituto Elemosiniere; del Monte Pegni; dell&#8217;Ospedale; della Pia Causa Rizzardi e Predaroli; del Patronato Scolastico e delle Strade consorziali vicinali (1865-1959).<\/p>\n\n\n\n<p><strong>Fondi speciali<\/strong> vengono considerate le serie <em>Carte e mappe<\/em> (1752-1850 c.ca) e <em>Leggi e decreti<\/em> (1756-1852). &nbsp;<\/p>\n\n\n\n<div class=\"wp-block-ugb-separator alignfull ugb-separator ugb-7393e0f ugb-separator--v2 ugb-separator--design-slant-1\" aria-hidden=\"true\"><style>.ugb-7393e0f.ugb-separator{margin-top:-1px !important;margin-bottom:-1px !important}.ugb-7393e0f .ugb-separator__bottom-pad{background:var(--theme-palette-color-2,#e63f47)}.ugb-7393e0f .ugb-separator__shadow,.ugb-7393e0f .ugb-separator__layer-1{fill:var(--theme-palette-color-2,#e63f47);transform:scaleX(1)}@media screen and (min-width:768px){.ugb-7393e0f .ugb-separator__svg-wrapper{height:200px !important}}@media screen and (max-width:1025px){.ugb-7393e0f.ugb-separator{margin-top:-1px !important;margin-bottom:-1px !important}}@media screen and (max-width:768px){.ugb-7393e0f.ugb-separator{margin-top:-1px !important;margin-bottom:-1px !important}}<\/style><div class=\"ugb-inner-block\"><div class=\"ugb-block-content\"><div class=\"ugb-separator__top-pad\"><\/div><div class=\"ugb-separator__svg-wrapper\"><div class=\"ugb-separator__svg-inner ugb-separator-wrapper\"><svg viewbox=\"0 0 1600 200\" filter=\"url(#slant-1-shadow_svg__a)\" enablebackground=\"new 0 0 1600 200\" xmlns=\"http:\/\/www.w3.org\/2000\/svg\" class=\"ugb-separator__shadow\" preserveaspectratio=\"none\" aria-hidden=\"true\"><filter id=\"slant-1-shadow_svg__a\"><feGaussianBlur in=\"SourceAlpha\" stddeviation=\"4\"><\/feGaussianBlur><feComponentTransfer><feFuncA type=\"linear\" slope=\"0.4\"><\/feFuncA><\/feComponentTransfer><feMerge><feMergeNode><\/feMergeNode><feMergeNode in=\"SourceGraphic\"><\/feMergeNode><\/feMerge><\/filter><path class=\"slant-1-shadow_svg__st2\" d=\"M-10 183.9v10L1610 10.5V.5z\"><\/path><\/svg><svg viewbox=\"0 0 1600 200\" xmlns=\"http:\/\/www.w3.org\/2000\/svg\" class=\"ugb-separator__layer-1\" preserveaspectratio=\"none\" aria-hidden=\"true\"><path class=\"slant-1_svg__st2\" d=\"M-10 210h1620V.5L-10 183.9z\"><\/path><\/svg><\/div><\/div><div class=\"ugb-separator__bottom-pad\"><\/div><\/div><\/div><\/div>\n\n\n\n<p><\/p>\n","protected":false},"excerpt":{"rendered":"<p>Patrimonio L\u2019Archivio Storico di Asola, Memoria della Comunit\u00e0 \u201cLa nobilissima del pari che antichissima Citt\u00e0-fortezza di Asola pu\u00f2 gloriarsi di avere Documenti bastevoli ad intessere con ordine, e con verit\u00e0, se non dell\u2019Epoca, che \u00e8 incerta, di sua Fondazione, da quella almeno di sua vetusta sussistenza fin qui una veridica storia\u201d, si scriveva in un [&hellip;]<\/p>\n","protected":false},"author":1,"featured_media":0,"parent":0,"menu_order":0,"comment_status":"closed","ping_status":"open","template":"brizy-blank-template.php","meta":{"_gspb_post_css":"","footnotes":""},"class_list":["post-196","page","type-page","status-publish","hentry"],"blocksy_meta":{"styles_descriptor":{"styles":{"desktop":"","tablet":"","mobile":""},"google_fonts":[],"version":6}},"featured_image_urls":{"full":"","thumbnail":"","medium":"","medium_large":"","large":"","1536x1536":"","2048x2048":""},"post_excerpt_stackable":"<p>Patrimonio L\u2019Archivio Storico di Asola, Memoria della Comunit\u00e0 \u201cLa nobilissima del pari che antichissima Citt\u00e0-fortezza di Asola pu\u00f2 gloriarsi di avere Documenti bastevoli ad intessere con ordine, e con verit\u00e0, se non dell\u2019Epoca, che \u00e8 incerta, di sua Fondazione, da quella almeno di sua vetusta sussistenza fin qui una veridica storia\u201d, si scriveva in un Diario del 1790 In effetti, quello di Asola \u00e8 uno dei pi\u00f9 cospicui tra gli archivi storici comunali del territorio, un archivio di grande pregio sotto il profilo dell\u2019antichit\u00e0 e dell\u2019integrit\u00e0 delle serie documentarie che lo compongono. La buona sorte, ma forse anche la diligente&hellip;<\/p>\n","category_list":"","author_info":{"name":"Simone","url":"https:\/\/www.comune.asola.mn.it\/archivio\/author\/simne\/"},"comments_num":"0 commenti","featured_image_urls_v2":{"full":"","thumbnail":"","medium":"","medium_large":"","large":"","1536x1536":"","2048x2048":""},"post_excerpt_stackable_v2":"<p>Patrimonio L\u2019Archivio Storico di Asola, Memoria della Comunit\u00e0 \u201cLa nobilissima del pari che antichissima Citt\u00e0-fortezza di Asola pu\u00f2 gloriarsi di avere Documenti bastevoli ad intessere con ordine, e con verit\u00e0, se non dell\u2019Epoca, che \u00e8 incerta, di sua Fondazione, da quella almeno di sua vetusta sussistenza fin qui una veridica storia\u201d, si scriveva in un Diario del 1790 In effetti, quello di Asola \u00e8 uno dei pi\u00f9 cospicui tra gli archivi storici comunali del territorio, un archivio di grande pregio sotto il profilo dell\u2019antichit\u00e0 e dell\u2019integrit\u00e0 delle serie documentarie che lo compongono. La buona sorte, ma forse anche la diligente&hellip;<\/p>\n","category_list_v2":"","author_info_v2":{"name":"Simone","url":"https:\/\/www.comune.asola.mn.it\/archivio\/author\/simne\/"},"comments_num_v2":"0 commenti","_links":{"self":[{"href":"https:\/\/www.comune.asola.mn.it\/archivio\/wp-json\/wp\/v2\/pages\/196","targetHints":{"allow":["GET"]}}],"collection":[{"href":"https:\/\/www.comune.asola.mn.it\/archivio\/wp-json\/wp\/v2\/pages"}],"about":[{"href":"https:\/\/www.comune.asola.mn.it\/archivio\/wp-json\/wp\/v2\/types\/page"}],"author":[{"embeddable":true,"href":"https:\/\/www.comune.asola.mn.it\/archivio\/wp-json\/wp\/v2\/users\/1"}],"replies":[{"embeddable":true,"href":"https:\/\/www.comune.asola.mn.it\/archivio\/wp-json\/wp\/v2\/comments?post=196"}],"version-history":[{"count":2,"href":"https:\/\/www.comune.asola.mn.it\/archivio\/wp-json\/wp\/v2\/pages\/196\/revisions"}],"predecessor-version":[{"id":220,"href":"https:\/\/www.comune.asola.mn.it\/archivio\/wp-json\/wp\/v2\/pages\/196\/revisions\/220"}],"wp:attachment":[{"href":"https:\/\/www.comune.asola.mn.it\/archivio\/wp-json\/wp\/v2\/media?parent=196"}],"curies":[{"name":"wp","href":"https:\/\/api.w.org\/{rel}","templated":true}]}}